{"id":228,"date":"2024-09-26T16:55:34","date_gmt":"2024-09-26T14:55:34","guid":{"rendered":"https:\/\/www.infomeditazione.it\/?page_id=228"},"modified":"2026-04-08T10:48:22","modified_gmt":"2026-04-08T08:48:22","slug":"conferenza-introduttiva-di-meditazione","status":"publish","type":"page","link":"https:\/\/www.infomeditazione.it\/","title":{"rendered":"CONFERENZA INTRODUTTIVA DI MEDITAZIONE"},"content":{"rendered":"\n<h2 class=\"wp-block-heading\">IL POTERE DELLA MEDITAZIONE<\/h2>\n\n\n\n<h3 class=\"wp-block-heading\">Conferenza introduttiva di Sergio Peterlini<\/h3>\n\n\n\n<p><em>Una tecnica semplice per ritrovare<\/em><br><em>l\u2019equilibrio interiore ed eliminare <\/em><br><em>efficacemente stress, tensioni e paure<\/em><\/p>\n\n\n\n<p><strong>Gioved\u00ec&nbsp;23 aprile 2026 &#8211;&nbsp;ore 19.30<\/strong><br><strong>VICENZA \u2013 Patronato Leone XIII&nbsp;<\/strong><br>Contr\u00e0 Vittorio Veneto, 3 (VI)<br>Consigliamo i seguenti parcheggi:<br><em>Non si pu\u00f2 parcheggiare nel cortile del Patronato Leone XIII (Cinema)<br><\/em>Park Fogazzaro<br>Park Canove<\/p>\n\n\n\n<ul class=\"wp-block-list\">\n<li><em>Invitiamo ad arrivare puntuali alla conferenza e anche alle serate che seguiranno.<\/em><\/li>\n\n\n\n<li><em>Non \u00e8 richiesta la prenotazione per partecipare alla conferenza<\/em><\/li>\n<\/ul>\n\n\n\n<p><strong>Seguir\u00e0 corso teorico-pratico gratuito<\/strong><br>In quattro incontri di circa 2,30 ore consecutive:<br>Domenica&nbsp;3&nbsp;maggio 2026 ore 9.30 (mattino),<br>Luned\u00ec 4\/ Marted\u00ec 5\/ Mercoled\u00ec 6 ore 18.30<br>Per poter realmente imparare a meditare e sperimentare i risultati \u00e8 necessario partecipare a tutti e quattro gli incontri; la conferenza \u00e8 comunque un\u2019introduzione necessaria.<\/p>\n\n\n\n<p>Per informazioni:&nbsp;<strong>www.infomeditazione.it&nbsp;<\/strong>email:&nbsp;<strong>info@infomeditazione.it<\/strong><br><\/p>\n\n\n\n<p><\/p>\n\n\n\n<iframe src=\"https:\/\/www.google.com\/maps\/embed?pb=!1m18!1m12!1m3!1d2793.983305372526!2d11.543282327314744!3d45.550661377664085!2m3!1f0!2f0!3f0!3m2!1i1024!2i768!4f13.1!3m3!1m2!1s0x477f33d6e7c189d5%3A0xf01040847861bcb8!2sCinema%20Patronato%20Leone%20XIII!5e0!3m2!1sit!2sit!4v1727362292895!5m2!1sit!2sit\" width=\"600\" height=\"450\" style=\"border:0;\" allowfullscreen=\"\" loading=\"lazy\" referrerpolicy=\"no-referrer-when-downgrade\"><\/iframe>\n\n\n<div class=\"wp-block-image\">\n<figure class=\"aligncenter size-full is-resized\"><a href=\"https:\/\/www.infomeditazione.it\/wp-content\/uploads\/2025\/09\/Locandina-2026-A4-scaled.jpg\"><img loading=\"lazy\" decoding=\"async\" width=\"1810\" height=\"2560\" src=\"https:\/\/www.infomeditazione.it\/wp-content\/uploads\/2025\/09\/Locandina-2026-A4-scaled.jpg\" alt=\"\" class=\"wp-image-261\" style=\"width:680px;height:auto\" srcset=\"https:\/\/www.infomeditazione.it\/wp-content\/uploads\/2025\/09\/Locandina-2026-A4-scaled.jpg 1810w, https:\/\/www.infomeditazione.it\/wp-content\/uploads\/2025\/09\/Locandina-2026-A4-212x300.jpg 212w, https:\/\/www.infomeditazione.it\/wp-content\/uploads\/2025\/09\/Locandina-2026-A4-724x1024.jpg 724w, https:\/\/www.infomeditazione.it\/wp-content\/uploads\/2025\/09\/Locandina-2026-A4-768x1086.jpg 768w, https:\/\/www.infomeditazione.it\/wp-content\/uploads\/2025\/09\/Locandina-2026-A4-1086x1536.jpg 1086w, https:\/\/www.infomeditazione.it\/wp-content\/uploads\/2025\/09\/Locandina-2026-A4-1448x2048.jpg 1448w, https:\/\/www.infomeditazione.it\/wp-content\/uploads\/2025\/09\/Locandina-2026-A4-370x523.jpg 370w, https:\/\/www.infomeditazione.it\/wp-content\/uploads\/2025\/09\/Locandina-2026-A4-800x1132.jpg 800w\" sizes=\"(max-width: 1810px) 100vw, 1810px\" \/><\/a><\/figure><\/div>","protected":false},"excerpt":{"rendered":"<p>IL POTERE DELLA MEDITAZIONE Conferenza introduttiva di Sergio Peterlini Una tecnica semplice per ritrovarel\u2019equilibrio interiore ed eliminare efficacemente stress, tensioni e paure Gioved\u00ec&nbsp;23 aprile 2026 &#8211;&nbsp;ore 19.30VICENZA \u2013 Patronato Leone XIII&nbsp;Contr\u00e0 Vittorio Veneto, 3 (VI)Consigliamo i seguenti parcheggi:Non si pu\u00f2 parcheggiare nel cortile del Patronato Leone XIII (Cinema)Park FogazzaroPark Canove Seguir\u00e0 corso teorico-pratico gratuitoIn quattro&hellip;<\/p>\n","protected":false},"author":1,"featured_media":192,"parent":0,"menu_order":0,"comment_status":"closed","ping_status":"closed","template":"","meta":{"footnotes":""},"class_list":["post-228","page","type-page","status-publish","has-post-thumbnail","hentry"],"_links":{"self":[{"href":"https:\/\/www.infomeditazione.it\/index.php?rest_route=\/wp\/v2\/pages\/228"}],"collection":[{"href":"https:\/\/www.infomeditazione.it\/index.php?rest_route=\/wp\/v2\/pages"}],"about":[{"href":"https:\/\/www.infomeditazione.it\/index.php?rest_route=\/wp\/v2\/types\/page"}],"author":[{"embeddable":true,"href":"https:\/\/www.infomeditazione.it\/index.php?rest_route=\/wp\/v2\/users\/1"}],"replies":[{"embeddable":true,"href":"https:\/\/www.infomeditazione.it\/index.php?rest_route=%2Fwp%2Fv2%2Fcomments&post=228"}],"version-history":[{"count":6,"href":"https:\/\/www.infomeditazione.it\/index.php?rest_route=\/wp\/v2\/pages\/228\/revisions"}],"predecessor-version":[{"id":265,"href":"https:\/\/www.infomeditazione.it\/index.php?rest_route=\/wp\/v2\/pages\/228\/revisions\/265"}],"wp:featuredmedia":[{"embeddable":true,"href":"https:\/\/www.infomeditazione.it\/index.php?rest_route=\/wp\/v2\/media\/192"}],"wp:attachment":[{"href":"https:\/\/www.infomeditazione.it\/index.php?rest_route=%2Fwp%2Fv2%2Fmedia&parent=228"}],"curies":[{"name":"wp","href":"https:\/\/api.w.org\/{rel}","templated":true}]}}